{"id":536,"date":"2022-05-23T15:20:19","date_gmt":"2022-05-23T18:20:19","guid":{"rendered":"http:\/\/costantini-sa.com.ar\/?page_id=536"},"modified":"2022-11-11T22:02:37","modified_gmt":"2022-11-12T01:02:37","slug":"contacto","status":"publish","type":"page","link":"https:\/\/costantini-sa.com.ar\/en\/contacto\/","title":{"rendered":"Contact"},"content":{"rendered":"<div data-elementor-type=\"wp-page\" data-elementor-id=\"536\" class=\"elementor elementor-536\">\n\t\t\t\t\t\t<section class=\"elementor-section elementor-top-section elementor-element elementor-element-de964ed elementor-section-stretched elementor-section-boxed elementor-section-height-default elementor-section-height-default\" data-id=\"de964ed\" data-element_type=\"section\" data-settings=\"{&quot;stretch_section&quot;:&quot;section-stretched&quot;,&quot;background_background&quot;:&quot;classic&quot;}\">\n\t\t\t\t\t\t<div class=\"elementor-container elementor-column-gap-default\">\n\t\t\t\t\t<div class=\"elementor-column elementor-col-33 elementor-top-column elementor-element elementor-element-b15f4ae\" data-id=\"b15f4ae\" data-element_type=\"column\">\n\t\t\t<div class=\"elementor-widget-wrap\">\n\t\t\t\t\t\t\t<\/div>\n\t\t<\/div>\n\t\t\t\t<div class=\"elementor-column elementor-col-33 elementor-top-column elementor-element elementor-element-4895fb3\" data-id=\"4895fb3\" data-element_type=\"column\">\n\t\t\t<div class=\"elementor-widget-wrap elementor-element-populated\">\n\t\t\t\t\t\t<div class=\"elementor-element elementor-element-3b3bf6b elementor-widget elementor-widget-heading\" data-id=\"3b3bf6b\" data-element_type=\"widget\" data-widget_type=\"heading.default\">\n\t\t\t\t<div class=\"elementor-widget-container\">\n\t\t\t\t\t<h2 class=\"elementor-heading-title elementor-size-default\">Contact<\/h2>\t\t\t\t<\/div>\n\t\t\t\t<\/div>\n\t\t\t\t<div class=\"elementor-element elementor-element-fe68e8f eael-contact-form-7-button-align-center eael-contact-form-7-button-custom elementor-widget elementor-widget-eael-contact-form-7\" data-id=\"fe68e8f\" data-element_type=\"widget\" data-widget_type=\"eael-contact-form-7.default\">\n\t\t\t\t<div class=\"elementor-widget-container\">\n\t\t\t\t\t<div class=\"eael-contact-form-7-wrapper\">\n                <div class=\"eael-contact-form eael-contact-form-7 eael-contact-form-fe68e8f placeholder-show eael-contact-form-align-default\"><div class=\"cf7sg-container cf7sg-not-grid\"><div id=\"cf7sg-form-formulario-soluciones-a-medida_copy\" class=\"key_formulario-soluciones-a-medida_copy\">\n<div class=\"wpcf7 no-js\" id=\"wpcf7-f601-o1\" lang=\"es-ES\" dir=\"ltr\" data-wpcf7-id=\"601\">\n<div class=\"screen-reader-response\"><p role=\"status\" aria-live=\"polite\" aria-atomic=\"true\"><\/p> <ul><\/ul><\/div>\n<form action=\"\/en\/wp-json\/wp\/v2\/pages\/536#wpcf7-f601-o1\" method=\"post\" class=\"wpcf7-form init\" aria-label=\"Formulario de contacto\" novalidate=\"novalidate\" data-status=\"init\" data-trp-original-action=\"\/en\/wp-json\/wp\/v2\/pages\/536#wpcf7-f601-o1\">\n<div style=\"display: none;\">\n<input type=\"hidden\" name=\"_wpcf7\" value=\"601\" \/>\n<input type=\"hidden\" name=\"_wpcf7_version\" value=\"6.0.3\" \/>\n<input type=\"hidden\" name=\"_wpcf7_locale\" value=\"es_ES\" \/>\n<input type=\"hidden\" name=\"_wpcf7_unit_tag\" value=\"wpcf7-f601-o1\" \/>\n<input type=\"hidden\" name=\"_wpcf7_container_post\" value=\"0\" \/>\n<input type=\"hidden\" name=\"_wpcf7_posted_data_hash\" value=\"\" \/>\n<input type=\"hidden\" name=\"_wpcf7_key\" value=\"formulario-soluciones-a-medida_copy\" \/>\n<input type=\"hidden\" name=\"_cf7sg_toggles\" value=\"\" \/>\n<input type=\"hidden\" name=\"_cf7sg_version\" value=\"4.15.8\" \/>\n<input type=\"hidden\" name=\"_wpnonce\" value=\"f63795c964\" \/>\n<\/div>\n<p><span class=\"wpcf7-form-control-wrap\" data-name=\"your-name\"><input size=\"40\" maxlength=\"400\" class=\"wpcf7-form-control wpcf7-text wpcf7-validates-as-required\" aria-required=\"true\" aria-invalid=\"false\" placeholder=\"Your name\" value=\"\" type=\"text\" name=\"your-name\" \/><\/span><br \/>\n<span class=\"wpcf7-form-control-wrap\" data-name=\"your-email\"><input size=\"40\" maxlength=\"400\" class=\"wpcf7-form-control wpcf7-email wpcf7-validates-as-required wpcf7-text wpcf7-validates-as-email\" aria-required=\"true\" aria-invalid=\"false\" placeholder=\"Your e-mail\" value=\"\" type=\"email\" name=\"your-email\" \/><\/span><br \/>\n<span class=\"wpcf7-form-control-wrap\" data-name=\"asunto\"><input size=\"40\" maxlength=\"400\" class=\"wpcf7-form-control wpcf7-text wpcf7-validates-as-required\" aria-required=\"true\" aria-invalid=\"false\" placeholder=\"Matter\" value=\"\" type=\"text\" name=\"asunto\" \/><\/span><br \/>\n<span class=\"wpcf7-form-control-wrap\" data-name=\"your-message\"><textarea cols=\"40\" rows=\"10\" maxlength=\"2000\" class=\"wpcf7-form-control wpcf7-textarea\" aria-invalid=\"false\" placeholder=\"Your message (optional)\" name=\"your-message\"><\/textarea><\/span>\n<\/p>\n<p><input class=\"wpcf7-form-control wpcf7-submit has-spinner\" type=\"submit\" value=\"Send\" \/>\n<\/p><div class=\"wpcf7-response-output\" aria-hidden=\"true\"><\/div>\n<input type=\"hidden\" name=\"trp-form-language\" value=\"en\"\/><\/form>\n<\/div>\n<\/div><\/div><\/div>\n            <\/div>\t\t\t\t<\/div>\n\t\t\t\t<\/div>\n\t\t\t\t\t<\/div>\n\t\t<\/div>\n\t\t\t\t<div class=\"elementor-column elementor-col-33 elementor-top-column elementor-element elementor-element-2442012\" data-id=\"2442012\" data-element_type=\"column\">\n\t\t\t<div class=\"elementor-widget-wrap\">\n\t\t\t\t\t\t\t<\/div>\n\t\t<\/div>\n\t\t\t\t\t<\/div>\n\t\t<\/section>\n\t\t\t\t<section class=\"elementor-section elementor-top-section elementor-element elementor-element-37bda04 elementor-section-boxed elementor-section-height-default elementor-section-height-default\" data-id=\"37bda04\" data-element_type=\"section\">\n\t\t\t\t\t\t<div class=\"elementor-container elementor-column-gap-default\">\n\t\t\t\t\t<div class=\"elementor-column elementor-col-100 elementor-top-column elementor-element elementor-element-f7a4119\" data-id=\"f7a4119\" data-element_type=\"column\">\n\t\t\t<div class=\"elementor-widget-wrap\">\n\t\t\t\t\t\t\t<\/div>\n\t\t<\/div>\n\t\t\t\t\t<\/div>\n\t\t<\/section>\n\t\t\t\t<\/div>","protected":false},"excerpt":{"rendered":"<p>Contact<\/p>","protected":false},"author":2,"featured_media":0,"parent":0,"menu_order":0,"comment_status":"closed","ping_status":"closed","template":"","meta":{"_uag_custom_page_level_css":"","footnotes":""},"class_list":["post-536","page","type-page","status-publish"],"yoast_head":"<!-- This site is optimized with the Yoast SEO plugin v24.4 - https:\/\/yoast.com\/wordpress\/plugins\/seo\/ -->\n<title>Contacto - Costantini | Integradores de Tecnolog\u00eda en C\u00f3rdoba<\/title>\n<meta name=\"description\" content=\"En Costantini damos soluci\u00f3n a todos los sectores productivos de la industria, sin fronteras. Para saber m\u00e1s sobre nosotros, \u00a1ponete en contacto!\" \/>\n<meta name=\"robots\" content=\"index, follow, max-snippet:-1, max-image-preview:large, max-video-preview:-1\" \/>\n<link rel=\"canonical\" href=\"http:\/\/costantini-sa.com.ar\/en\/contacto\/\" \/>\n<meta property=\"og:locale\" content=\"en_US\" \/>\n<meta property=\"og:type\" content=\"article\" \/>\n<meta property=\"og:title\" content=\"Contacto - Costantini | Integradores de Tecnolog\u00eda en C\u00f3rdoba\" \/>\n<meta property=\"og:description\" content=\"En Costantini damos soluci\u00f3n a todos los sectores productivos de la industria, sin fronteras. Para saber m\u00e1s sobre nosotros, \u00a1ponete en contacto!\" \/>\n<meta property=\"og:url\" content=\"http:\/\/costantini-sa.com.ar\/en\/contacto\/\" \/>\n<meta property=\"og:site_name\" content=\"Costantini\" \/>\n<meta property=\"article:modified_time\" content=\"2022-11-12T01:02:37+00:00\" \/>\n<meta name=\"twitter:card\" content=\"summary_large_image\" \/>\n<meta name=\"twitter:label1\" content=\"Est. reading time\" \/>\n\t<meta name=\"twitter:data1\" content=\"1 minute\" \/>\n<script type=\"application\/ld+json\" class=\"yoast-schema-graph\">{\"@context\":\"https:\/\/schema.org\",\"@graph\":[{\"@type\":\"WebPage\",\"@id\":\"https:\/\/costantini-sa.com.ar\/en\/contacto\/\",\"url\":\"http:\/\/costantini-sa.com.ar\/contacto\/\",\"name\":\"Contacto - Costantini | Integradores de Tecnolog\u00eda en C\u00f3rdoba\",\"isPartOf\":{\"@id\":\"https:\/\/costantini-sa.com.ar\/en\/#website\"},\"datePublished\":\"2022-05-23T18:20:19+00:00\",\"dateModified\":\"2022-11-12T01:02:37+00:00\",\"description\":\"En Costantini damos soluci\u00f3n a todos los sectores productivos de la industria, sin fronteras. Para saber m\u00e1s sobre nosotros, \u00a1ponete en contacto!\",\"breadcrumb\":{\"@id\":\"http:\/\/costantini-sa.com.ar\/contacto\/#breadcrumb\"},\"inLanguage\":\"en-US\",\"potentialAction\":[{\"@type\":\"ReadAction\",\"target\":[\"http:\/\/costantini-sa.com.ar\/contacto\/\"]}]},{\"@type\":\"BreadcrumbList\",\"@id\":\"http:\/\/costantini-sa.com.ar\/contacto\/#breadcrumb\",\"itemListElement\":[{\"@type\":\"ListItem\",\"position\":1,\"name\":\"Inicio\",\"item\":\"https:\/\/costantini-sa.com.ar\/\"},{\"@type\":\"ListItem\",\"position\":2,\"name\":\"Contacto\"}]},{\"@type\":\"WebSite\",\"@id\":\"https:\/\/costantini-sa.com.ar\/en\/#website\",\"url\":\"https:\/\/costantini-sa.com.ar\/en\/\",\"name\":\"Costantini\",\"description\":\"Soluciones todo en uno\",\"publisher\":{\"@id\":\"https:\/\/costantini-sa.com.ar\/en\/#organization\"},\"potentialAction\":[{\"@type\":\"SearchAction\",\"target\":{\"@type\":\"EntryPoint\",\"urlTemplate\":\"https:\/\/costantini-sa.com.ar\/en\/?s={search_term_string}\"},\"query-input\":{\"@type\":\"PropertyValueSpecification\",\"valueRequired\":true,\"valueName\":\"search_term_string\"}}],\"inLanguage\":\"en-US\"},{\"@type\":\"Organization\",\"@id\":\"https:\/\/costantini-sa.com.ar\/en\/#organization\",\"name\":\"Costantini\",\"url\":\"https:\/\/costantini-sa.com.ar\/en\/\",\"logo\":{\"@type\":\"ImageObject\",\"inLanguage\":\"en-US\",\"@id\":\"https:\/\/costantini-sa.com.ar\/en\/#\/schema\/logo\/image\/\",\"url\":\"https:\/\/costantini-sa.com.ar\/wp-content\/uploads\/2022\/04\/logo-white.png\",\"contentUrl\":\"https:\/\/costantini-sa.com.ar\/wp-content\/uploads\/2022\/04\/logo-white.png\",\"width\":904,\"height\":226,\"caption\":\"Costantini\"},\"image\":{\"@id\":\"https:\/\/costantini-sa.com.ar\/en\/#\/schema\/logo\/image\/\"}}]}<\/script>\n<!-- \/ Yoast SEO plugin. -->","yoast_head_json":{"title":"Contacto - Costantini | Integradores de Tecnolog\u00eda en C\u00f3rdoba","description":"En Costantini damos soluci\u00f3n a todos los sectores productivos de la industria, sin fronteras. Para saber m\u00e1s sobre nosotros, \u00a1ponete en contacto!","robots":{"index":"index","follow":"follow","max-snippet":"max-snippet:-1","max-image-preview":"max-image-preview:large","max-video-preview":"max-video-preview:-1"},"canonical":"http:\/\/costantini-sa.com.ar\/en\/contacto\/","og_locale":"en_US","og_type":"article","og_title":"Contacto - Costantini | Integradores de Tecnolog\u00eda en C\u00f3rdoba","og_description":"En Costantini damos soluci\u00f3n a todos los sectores productivos de la industria, sin fronteras. Para saber m\u00e1s sobre nosotros, \u00a1ponete en contacto!","og_url":"http:\/\/costantini-sa.com.ar\/en\/contacto\/","og_site_name":"Costantini","article_modified_time":"2022-11-12T01:02:37+00:00","twitter_card":"summary_large_image","twitter_misc":{"Est. reading time":"1 minute"},"schema":{"@context":"https:\/\/schema.org","@graph":[{"@type":"WebPage","@id":"https:\/\/costantini-sa.com.ar\/en\/contacto\/","url":"http:\/\/costantini-sa.com.ar\/contacto\/","name":"Contacto - Costantini | Integradores de Tecnolog\u00eda en C\u00f3rdoba","isPartOf":{"@id":"https:\/\/costantini-sa.com.ar\/en\/#website"},"datePublished":"2022-05-23T18:20:19+00:00","dateModified":"2022-11-12T01:02:37+00:00","description":"En Costantini damos soluci\u00f3n a todos los sectores productivos de la industria, sin fronteras. Para saber m\u00e1s sobre nosotros, \u00a1ponete en contacto!","breadcrumb":{"@id":"http:\/\/costantini-sa.com.ar\/contacto\/#breadcrumb"},"inLanguage":"en-US","potentialAction":[{"@type":"ReadAction","target":["http:\/\/costantini-sa.com.ar\/contacto\/"]}]},{"@type":"BreadcrumbList","@id":"http:\/\/costantini-sa.com.ar\/contacto\/#breadcrumb","itemListElement":[{"@type":"ListItem","position":1,"name":"Inicio","item":"https:\/\/costantini-sa.com.ar\/"},{"@type":"ListItem","position":2,"name":"Contacto"}]},{"@type":"WebSite","@id":"https:\/\/costantini-sa.com.ar\/en\/#website","url":"https:\/\/costantini-sa.com.ar\/en\/","name":"Costantini","description":"Soluciones todo en uno","publisher":{"@id":"https:\/\/costantini-sa.com.ar\/en\/#organization"},"potentialAction":[{"@type":"SearchAction","target":{"@type":"EntryPoint","urlTemplate":"https:\/\/costantini-sa.com.ar\/en\/?s={search_term_string}"},"query-input":{"@type":"PropertyValueSpecification","valueRequired":true,"valueName":"search_term_string"}}],"inLanguage":"en-US"},{"@type":"Organization","@id":"https:\/\/costantini-sa.com.ar\/en\/#organization","name":"Costantini","url":"https:\/\/costantini-sa.com.ar\/en\/","logo":{"@type":"ImageObject","inLanguage":"en-US","@id":"https:\/\/costantini-sa.com.ar\/en\/#\/schema\/logo\/image\/","url":"https:\/\/costantini-sa.com.ar\/wp-content\/uploads\/2022\/04\/logo-white.png","contentUrl":"https:\/\/costantini-sa.com.ar\/wp-content\/uploads\/2022\/04\/logo-white.png","width":904,"height":226,"caption":"Costantini"},"image":{"@id":"https:\/\/costantini-sa.com.ar\/en\/#\/schema\/logo\/image\/"}}]}},"uagb_featured_image_src":{"full":false,"thumbnail":false,"medium":false,"medium_large":false,"large":false,"1536x1536":false,"2048x2048":false,"trp-custom-language-flag":false,"yarpp-thumbnail":false},"uagb_author_info":{"display_name":"javier","author_link":"https:\/\/costantini-sa.com.ar\/en\/author\/javier\/"},"uagb_comment_info":0,"uagb_excerpt":"Contacto","_links":{"self":[{"href":"https:\/\/costantini-sa.com.ar\/en\/wp-json\/wp\/v2\/pages\/536","targetHints":{"allow":["GET"]}}],"collection":[{"href":"https:\/\/costantini-sa.com.ar\/en\/wp-json\/wp\/v2\/pages"}],"about":[{"href":"https:\/\/costantini-sa.com.ar\/en\/wp-json\/wp\/v2\/types\/page"}],"author":[{"embeddable":true,"href":"https:\/\/costantini-sa.com.ar\/en\/wp-json\/wp\/v2\/users\/2"}],"replies":[{"embeddable":true,"href":"https:\/\/costantini-sa.com.ar\/en\/wp-json\/wp\/v2\/comments?post=536"}],"version-history":[{"count":0,"href":"https:\/\/costantini-sa.com.ar\/en\/wp-json\/wp\/v2\/pages\/536\/revisions"}],"wp:attachment":[{"href":"https:\/\/costantini-sa.com.ar\/en\/wp-json\/wp\/v2\/media?parent=536"}],"curies":[{"name":"wp","href":"https:\/\/api.w.org\/{rel}","templated":true}]}}