{"id":620,"date":"2022-06-01T14:02:06","date_gmt":"2022-06-01T17:02:06","guid":{"rendered":"http:\/\/costantini-sa.com.ar\/?page_id=620"},"modified":"2022-11-11T22:16:08","modified_gmt":"2022-11-12T01:16:08","slug":"cotizacion-de-repuestos","status":"publish","type":"page","link":"https:\/\/costantini-sa.com.ar\/en\/cotizacion-de-repuestos\/","title":{"rendered":"Cotiz\u00e1 tu repuesto"},"content":{"rendered":"<div data-elementor-type=\"wp-page\" data-elementor-id=\"620\" class=\"elementor elementor-620\">\n\t\t\t\t\t\t<section class=\"elementor-section elementor-top-section elementor-element elementor-element-8eaed8e elementor-section-boxed elementor-section-height-default elementor-section-height-default\" data-id=\"8eaed8e\" data-element_type=\"section\">\n\t\t\t\t\t\t<div class=\"elementor-container elementor-column-gap-default\">\n\t\t\t\t\t<div class=\"elementor-column elementor-col-100 elementor-top-column elementor-element elementor-element-04f4890\" data-id=\"04f4890\" data-element_type=\"column\">\n\t\t\t<div class=\"elementor-widget-wrap elementor-element-populated\">\n\t\t\t\t\t\t<div class=\"elementor-element elementor-element-f6bf4ec elementor-widget elementor-widget-heading\" data-id=\"f6bf4ec\" data-element_type=\"widget\" data-widget_type=\"heading.default\">\n\t\t\t\t<div class=\"elementor-widget-container\">\n\t\t\t\t\t<h2 class=\"elementor-heading-title elementor-size-default\">Cotiz\u00e1 tu repuesto<\/h2>\t\t\t\t<\/div>\n\t\t\t\t<\/div>\n\t\t\t\t<div class=\"elementor-element elementor-element-7fc8131 elementor-widget-divider--view-line elementor-widget elementor-widget-divider\" data-id=\"7fc8131\" data-element_type=\"widget\" data-widget_type=\"divider.default\">\n\t\t\t\t<div class=\"elementor-widget-container\">\n\t\t\t\t\t\t\t<div class=\"elementor-divider\">\n\t\t\t<span class=\"elementor-divider-separator\">\n\t\t\t\t\t\t<\/span>\n\t\t<\/div>\n\t\t\t\t\t\t<\/div>\n\t\t\t\t<\/div>\n\t\t\t\t\t<\/div>\n\t\t<\/div>\n\t\t\t\t\t<\/div>\n\t\t<\/section>\n\t\t\t\t<section class=\"elementor-section elementor-top-section elementor-element elementor-element-e3d0fb3 elementor-section-boxed elementor-section-height-default elementor-section-height-default\" data-id=\"e3d0fb3\" data-element_type=\"section\">\n\t\t\t\t\t\t<div class=\"elementor-container elementor-column-gap-default\">\n\t\t\t\t\t<div class=\"elementor-column elementor-col-50 elementor-top-column elementor-element elementor-element-fac72c4\" data-id=\"fac72c4\" data-element_type=\"column\">\n\t\t\t<div class=\"elementor-widget-wrap elementor-element-populated\">\n\t\t\t\t\t\t<div class=\"elementor-element elementor-element-30ad4f0 elementor-widget elementor-widget-text-editor\" data-id=\"30ad4f0\" data-element_type=\"widget\" data-widget_type=\"text-editor.default\">\n\t\t\t\t<div class=\"elementor-widget-container\">\n\t\t\t\t\t\t\t\t\t<p>Use the form to request a quote for one or more spare parts by selecting the corresponding code.<\/p>\t\t\t\t\t\t\t\t<\/div>\n\t\t\t\t<\/div>\n\t\t\t\t\t<\/div>\n\t\t<\/div>\n\t\t\t\t<div class=\"elementor-column elementor-col-50 elementor-top-column elementor-element elementor-element-585433d\" data-id=\"585433d\" data-element_type=\"column\">\n\t\t\t<div class=\"elementor-widget-wrap elementor-element-populated\">\n\t\t\t\t\t\t<div class=\"elementor-element elementor-element-b8b5f57 eael-contact-form-7-button-custom elementor-widget elementor-widget-eael-contact-form-7\" data-id=\"b8b5f57\" data-element_type=\"widget\" data-widget_type=\"eael-contact-form-7.default\">\n\t\t\t\t<div class=\"elementor-widget-container\">\n\t\t\t\t\t<div class=\"eael-contact-form-7-wrapper\">\n                <div class=\"eael-contact-form eael-contact-form-7 eael-contact-form-b8b5f57 placeholder-show eael-contact-form-align-default\"><div class=\"cf7sg-container\"><div id=\"cf7sg-form-cotizacion-nueva-nueva\" class=\"cf7-smart-grid has-select2 has-table has-grid key_cotizacion-nueva-nueva\">\n<div class=\"wpcf7 no-js\" id=\"wpcf7-f1606-o1\" lang=\"es-ES\" dir=\"ltr\" data-wpcf7-id=\"1606\">\n<div class=\"screen-reader-response\"><p role=\"status\" aria-live=\"polite\" aria-atomic=\"true\"><\/p> <ul><\/ul><\/div>\n<form action=\"\/en\/wp-json\/wp\/v2\/pages\/620#wpcf7-f1606-o1\" method=\"post\" class=\"wpcf7-form init\" aria-label=\"Formulario de contacto\" novalidate=\"novalidate\" data-status=\"init\" data-trp-original-action=\"\/en\/wp-json\/wp\/v2\/pages\/620#wpcf7-f1606-o1\">\n<div style=\"display: none;\">\n<input type=\"hidden\" name=\"_wpcf7\" value=\"1606\" \/>\n<input type=\"hidden\" name=\"_wpcf7_version\" value=\"6.0.3\" \/>\n<input type=\"hidden\" name=\"_wpcf7_locale\" value=\"es_ES\" \/>\n<input type=\"hidden\" name=\"_wpcf7_unit_tag\" value=\"wpcf7-f1606-o1\" \/>\n<input type=\"hidden\" name=\"_wpcf7_container_post\" value=\"0\" \/>\n<input type=\"hidden\" name=\"_wpcf7_posted_data_hash\" value=\"\" \/>\n<input type=\"hidden\" name=\"_wpcf7_key\" value=\"cotizacion-nueva-nueva\" \/>\n<input type=\"hidden\" name=\"_cf7sg_toggles\" value=\"\" \/>\n<input type=\"hidden\" name=\"_cf7sg_version\" value=\"4.15.8\" \/>\n<input type=\"hidden\" name=\"_wpnonce\" value=\"0221a5198a\" \/>\n<\/div>\n<div class=\"container\" id=\"8iGTO2\">\n  <div class=\"row\">\n    <div class=\"columns full\">\n      <div class=\"container\">\n        <div class=\"row\">\n          <div class=\"columns full\">\n            <div class=\"field text required\"><label>Company name <em>*<\/em><\/label><span class=\"wpcf7-form-control-wrap\" data-name=\"empresa\"><input size=\"40\" maxlength=\"400\" class=\"wpcf7-form-control wpcf7-text wpcf7-validates-as-required\" aria-required=\"true\" aria-invalid=\"false\" value=\"\" type=\"text\" name=\"empresa\" \/><\/span>\n              <p class=\"info-tip\"><\/p>\n            <\/div>\n          <\/div>\n        <\/div>\n      <\/div>\n      <div class=\"container\">\n        <div class=\"row\">\n          <div class=\"columns full\">\n            <div class=\"field email required\"><label>Contact email <em>*<\/em><\/label><span class=\"wpcf7-form-control-wrap\" data-name=\"your-email\"><input size=\"40\" maxlength=\"400\" class=\"wpcf7-form-control wpcf7-email wpcf7-validates-as-required wpcf7-text wpcf7-validates-as-email\" aria-required=\"true\" aria-invalid=\"false\" value=\"\" type=\"email\" name=\"your-email\" \/><\/span>\n              <p class=\"info-tip\"><\/p>\n            <\/div>\n          <\/div>\n        <\/div>\n      <\/div>\n      <div class=\"container\">\n        <div class=\"row\">\n          <div class=\"columns full\">\n            <div class=\"field dynamic_select\"><label>Select 1 to 10 spare parts from the following list:<\/label><span class=\"wpcf7-form-control-wrap cf7sg-dl-post repuestos cf7sg-dl-multiple cf7sg-dl-permalinks\" data-name=\"repuestos\">\n<select value=\"\" multiple name=\"repuestos[]\" class=\"wpcf7-form-control wpcf7-dynamic_select cf7sg-dynamic-list cf7sg-dynamic_select select2 cf7sg-permalinks\">\n<option value=\"celda-robotizada-para-soldadura-laser\" data-permalink=\"https:\/\/costantini-sa.com.ar\/en\/celda-robotizada-para-soldadura-laser\/\" class=\"cf7sg-dl category-celdas-de-soldadura-automatica category-metalmecanica\">Celda robotizada para soldadura l\u00e1ser<\/option>\n<option value=\"encajonadora-automatica-barras-golosina-2-robot\" data-permalink=\"https:\/\/costantini-sa.com.ar\/en\/encajonadora-automatica-barras-golosina-2-robot\/\" class=\"cf7sg-dl category-alimenticia category-encajonado-automatico\">Encajonadora Autom\u00e1tica de Barras de Golosinas con 2 robot<\/option>\n<option value=\"aplicacion-laser-cladding\" data-permalink=\"https:\/\/costantini-sa.com.ar\/en\/aplicacion-laser-cladding\/\" class=\"cf7sg-dl category-aplicacion-cladding-hardening category-mineria\">Aplicaci\u00f3n L\u00e1ser Cladding-Hardening<\/option>\n<option value=\"celda-robotizada-cortes-de-perfiles-3d\" data-permalink=\"https:\/\/costantini-sa.com.ar\/en\/celda-robotizada-cortes-de-perfiles-3d\/\" class=\"cf7sg-dl category-agricola-agroindustrial category-celdas-de-corte-automatico category-metalmecanica category-mineria\">Celda Robotizado de Cortes de Perfiles-3D<\/option>\n<option value=\"celda-paletizado-cajas-por-capas-completas\" data-permalink=\"https:\/\/costantini-sa.com.ar\/en\/celda-paletizado-cajas-por-capas-completas\/\" class=\"cf7sg-dl category-alimenticia category-farmaceutica category-logistica category-paletizado-automatico category-quimica\">Paletizado de cajas por capas completas<\/option>\n<option value=\"paletizado-cajas-por-media-capa\" data-permalink=\"https:\/\/costantini-sa.com.ar\/en\/paletizado-cajas-por-media-capa\/\" class=\"cf7sg-dl category-agricola-agroindustrial category-alimenticia category-farmaceutica category-logistica category-paletizado-automatico category-quimica\">Paletizado de cajas por media capas<\/option>\n<option value=\"paletizado-bandejas-por-capa-completa\" data-permalink=\"https:\/\/costantini-sa.com.ar\/en\/paletizado-bandejas-por-capa-completa\/\" class=\"cf7sg-dl category-alimenticia category-farmaceutica category-paletizado-automatico category-quimica\">Paletizado de Bandejas por capa completa<\/option>\n<option value=\"celda-soldadura-de-pequenas-piezas\" data-permalink=\"https:\/\/costantini-sa.com.ar\/en\/celda-soldadura-de-pequenas-piezas\/\" class=\"cf7sg-dl category-celdas-de-soldadura-automatica\">Celda de soldadura de peque\u00f1as piezas<\/option>\n<option value=\"celda-soldadura-de-largo-alcance\" data-permalink=\"https:\/\/costantini-sa.com.ar\/en\/celda-soldadura-de-largo-alcance\/\" class=\"cf7sg-dl category-agricola-agroindustrial category-celdas-de-soldadura-automatica category-metalmecanica category-mineria\">Celda de soldadura de largo alcance<\/option>\n<option value=\"soldadura-alto-rendimiento-pequenas-piezas-1600-mm\" data-permalink=\"https:\/\/costantini-sa.com.ar\/en\/soldadura-alto-rendimiento-pequenas-piezas-1600-mm\/\" class=\"cf7sg-dl category-agricola-agroindustrial category-celdas-de-soldadura-automatica category-metalmecanica category-mineria\">Celda de soldadura alto rendimiento peque\u00f1as piezas<\/option>\n<option value=\"soldadura-alto-rendimiento-grandes-piezas-3200-mm\" data-permalink=\"https:\/\/costantini-sa.com.ar\/en\/soldadura-alto-rendimiento-grandes-piezas-3200-mm\/\" class=\"cf7sg-dl category-agricola-agroindustrial category-celdas-de-soldadura-automatica category-metalmecanica category-mineria\">Celda de soldadura de alto rendimiento para grandes piezas<\/option>\n<option value=\"soldadura-alto-rendimiento-pequenas-piezas\" data-permalink=\"https:\/\/costantini-sa.com.ar\/en\/soldadura-alto-rendimiento-pequenas-piezas\/\" class=\"cf7sg-dl category-agricola-agroindustrial category-celdas-de-soldadura-automatica category-metalmecanica category-mineria\">Celda de soldadura de alto rendimiento para medianas piezas<\/option>\n<option value=\"celda-rcpw-3d\" data-permalink=\"https:\/\/costantini-sa.com.ar\/en\/celda-rcpw-3d\/\" class=\"cf7sg-dl category-agricola-agroindustrial category-celdas-de-soldadura-automatica category-metalmecanica category-mineria\">RCPW-3D | Celda de soldadura con robot colaborativo<\/option>\n<option value=\"encajonado-automatico-de-potes-2-robot\" data-permalink=\"https:\/\/costantini-sa.com.ar\/en\/encajonado-automatico-de-potes-2-robot\/\" class=\"cf7sg-dl category-alimenticia category-encajonado-automatico category-farmaceutica category-quimica\">Encajonado autom\u00e1tico de potes con 2 robots<\/option>\n<option value=\"encajonado-automatico-de-quesos-1-robot\" data-permalink=\"https:\/\/costantini-sa.com.ar\/en\/encajonado-automatico-de-quesos-1-robot\/\" class=\"cf7sg-dl category-alimenticia category-encajonado-automatico\">Encajonado autom\u00e1tico de quesos con 1 robot<\/option>\n<option value=\"encajonado-automatico-de-quesos-2-robot\" data-permalink=\"https:\/\/costantini-sa.com.ar\/en\/encajonado-automatico-de-quesos-2-robot\/\" class=\"cf7sg-dl category-alimenticia category-encajonado-automatico\">Encajonado autom\u00e1tico de quesos con 2 robot<\/option>\n<option value=\"encajonado-automatico-de-potes-1-robot\" data-permalink=\"https:\/\/costantini-sa.com.ar\/en\/encajonado-automatico-de-potes-1-robot\/\" class=\"cf7sg-dl category-alimenticia category-encajonado-automatico category-farmaceutica category-quimica\">Encajonado autom\u00e1tico de potes con 1 robot<\/option>\n<option value=\"paletizado-de-bidones\" data-permalink=\"https:\/\/costantini-sa.com.ar\/en\/paletizado-de-bidones\/\" class=\"cf7sg-dl category-alimenticia category-farmaceutica category-paletizado-automatico category-quimica\">Paletizado de bidones por capa completa y media capa<\/option>\n<option value=\"paletizado-de-bolsas-por-capa\" data-permalink=\"https:\/\/costantini-sa.com.ar\/en\/paletizado-de-bolsas-por-capa\/\" class=\"cf7sg-dl category-agricola-agroindustrial category-alimenticia category-farmaceutica category-paletizado-automatico category-quimica\">Paletizado de bolsas por capas<\/option>\n<option value=\"paletizado-de-cocina-por-unidad\" data-permalink=\"https:\/\/costantini-sa.com.ar\/en\/paletizado-de-cocina-por-unidad\/\" class=\"cf7sg-dl category-metalmecanica category-paletizado-automatico\">Paletizado de cocina por unidad<\/option>\n<option value=\"paletizado-ladrillos-por-capas-completas\" data-permalink=\"https:\/\/costantini-sa.com.ar\/en\/paletizado-ladrillos-por-capas-completas\/\" class=\"cf7sg-dl category-construccion category-paletizado-automatico\">Paletizado de ladrillos por capas completas<\/option>\n<option value=\"paletizado-desmoldeo-contrapesos-hormigon\" data-permalink=\"https:\/\/costantini-sa.com.ar\/en\/paletizado-desmoldeo-contrapesos-hormigon\/\" class=\"cf7sg-dl category-manipulacion category-metalmecanica\">Manipulaci\u00f3n y desmoldeo de contrapesos de hormig\u00f3n<\/option>\n<\/select>\n\n<\/span>\n\n              <p class=\"info-tip\">(In case you do not find the code in the list above, please type it in the fields below)<\/p>\n            <\/div>\n          <\/div>\n        <\/div>\n      <\/div>\n      <div class=\"container cf7-sg-table\" id=\"cf7-sg-table-1659566412535\" data-button=\"A\u00f1adir otro \u00edtem\">\n        <div class=\"row cf7-sg-table\">\n          <div class=\"columns full\">\n            <div class=\"field text required\"><label>Spare Parts (Not Listed) <em>*<\/em><\/label><span class=\"wpcf7-form-control-wrap\" data-name=\"repuestos-no-listados\"><input size=\"40\" maxlength=\"400\" class=\"wpcf7-form-control wpcf7-text wpcf7-validates-as-required\" aria-required=\"true\" aria-invalid=\"false\" value=\"\" type=\"text\" name=\"repuestos-no-listados\" \/><\/span>\n              <p class=\"info-tip\">Code spare part<\/p>\n            <\/div>\n          <\/div>\n        <\/div>\n      <\/div>\n      <div class=\"container\">\n        <div class=\"row\">\n          <div class=\"columns full\">\n            <div class=\"field textarea\"><label>Clarifications<\/label><span class=\"wpcf7-form-control-wrap\" data-name=\"aclaracion\"><textarea cols=\"40\" rows=\"5\" maxlength=\"2000\" class=\"wpcf7-form-control wpcf7-textarea\" aria-invalid=\"false\" name=\"aclaracion\"><\/textarea><\/span>\n              <p class=\"info-tip\">Enter any clarification if you wish.<\/p>\n            <\/div>\n          <\/div>\n        <\/div>\n      <\/div>\n      <div class=\"container\">\n        <div class=\"row\">\n          <div class=\"columns full\">\n            <div class=\"field submit-button\"><label><\/label><input class=\"wpcf7-form-control wpcf7-submit has-spinner\" type=\"submit\" value=\"Send\" \/>\n              <p class=\"info-tip\"><\/p>\n            <\/div>\n          <\/div>\n        <\/div>\n      <\/div>\n    <\/div>\n  <\/div>\n<\/div><div class=\"wpcf7-response-output\" aria-hidden=\"true\"><\/div>\n<input type=\"hidden\" name=\"trp-form-language\" value=\"en\"\/><\/form>\n<\/div>\n<\/div><\/div><\/div>\n            <\/div>\t\t\t\t<\/div>\n\t\t\t\t<\/div>\n\t\t\t\t\t<\/div>\n\t\t<\/div>\n\t\t\t\t\t<\/div>\n\t\t<\/section>\n\t\t\t\t<\/div>","protected":false},"excerpt":{"rendered":"<p>Cotiz\u00e1 tu repuesto Utiliz\u00e1 el formulario para pedir la cotizaci\u00f3n de uno o varios repuestos seleccionando el c\u00f3digo correspondiente. Nombre de la empresa * E-mail de contacto * Seleccione de 1 a 10 repuestos de la siguiente lista: Encajonado Autom\u00e1tica de Barras de Golosinas con 2 robotAplicaci\u00f3n L\u00e1ser Cladding_HardeningCelda Robotizado de Cortes de Perfiles-3DPaletizado de &#8230; <a title=\"Cotiz\u00e1 tu repuesto\" class=\"read-more\" href=\"https:\/\/costantini-sa.com.ar\/en\/cotizacion-de-repuestos\/\" aria-label=\"Read more about Cotiz\u00e1 tu repuesto\">Leer m\u00e1s<\/a><\/p>","protected":false},"author":1,"featured_media":0,"parent":0,"menu_order":0,"comment_status":"closed","ping_status":"closed","template":"","meta":{"_uag_custom_page_level_css":"","footnotes":""},"class_list":["post-620","page","type-page","status-publish"],"yoast_head":"<!-- This site is optimized with the Yoast SEO plugin v24.4 - https:\/\/yoast.com\/wordpress\/plugins\/seo\/ -->\n<title>Cotizaci\u00f3n de Repuestos - Costantini | Soluciones Automatizadas<\/title>\n<meta name=\"description\" content=\"Utiliz\u00e1 el siguiente formulario para pedir la cotizaci\u00f3n de uno o varios repuestos seleccionando el c\u00f3digo correspondiente.\" \/>\n<meta name=\"robots\" content=\"index, follow, max-snippet:-1, max-image-preview:large, max-video-preview:-1\" \/>\n<link rel=\"canonical\" href=\"http:\/\/costantini-sa.com.ar\/en\/cotizacion-de-repuestos\/\" \/>\n<meta property=\"og:locale\" content=\"en_US\" \/>\n<meta property=\"og:type\" content=\"article\" \/>\n<meta property=\"og:title\" content=\"Cotizaci\u00f3n de Repuestos - Costantini | Soluciones Automatizadas\" \/>\n<meta property=\"og:description\" content=\"Utiliz\u00e1 el siguiente formulario para pedir la cotizaci\u00f3n de uno o varios repuestos seleccionando el c\u00f3digo correspondiente.\" \/>\n<meta property=\"og:url\" content=\"http:\/\/costantini-sa.com.ar\/en\/cotizacion-de-repuestos\/\" \/>\n<meta property=\"og:site_name\" content=\"Costantini\" \/>\n<meta property=\"article:modified_time\" content=\"2022-11-12T01:16:08+00:00\" \/>\n<meta name=\"twitter:card\" content=\"summary_large_image\" \/>\n<meta name=\"twitter:label1\" content=\"Est. reading time\" \/>\n\t<meta name=\"twitter:data1\" content=\"2 minutes\" \/>\n<script type=\"application\/ld+json\" class=\"yoast-schema-graph\">{\"@context\":\"https:\/\/schema.org\",\"@graph\":[{\"@type\":\"WebPage\",\"@id\":\"https:\/\/costantini-sa.com.ar\/en\/cotizacion-de-repuestos\/\",\"url\":\"http:\/\/costantini-sa.com.ar\/cotizacion-de-repuestos\/\",\"name\":\"Cotizaci\u00f3n de Repuestos - Costantini | Soluciones Automatizadas\",\"isPartOf\":{\"@id\":\"https:\/\/costantini-sa.com.ar\/en\/#website\"},\"datePublished\":\"2022-06-01T17:02:06+00:00\",\"dateModified\":\"2022-11-12T01:16:08+00:00\",\"description\":\"Utiliz\u00e1 el siguiente formulario para pedir la cotizaci\u00f3n de uno o varios repuestos seleccionando el c\u00f3digo correspondiente.\",\"breadcrumb\":{\"@id\":\"http:\/\/costantini-sa.com.ar\/cotizacion-de-repuestos\/#breadcrumb\"},\"inLanguage\":\"en-US\",\"potentialAction\":[{\"@type\":\"ReadAction\",\"target\":[\"http:\/\/costantini-sa.com.ar\/cotizacion-de-repuestos\/\"]}]},{\"@type\":\"BreadcrumbList\",\"@id\":\"http:\/\/costantini-sa.com.ar\/cotizacion-de-repuestos\/#breadcrumb\",\"itemListElement\":[{\"@type\":\"ListItem\",\"position\":1,\"name\":\"Inicio\",\"item\":\"https:\/\/costantini-sa.com.ar\/\"},{\"@type\":\"ListItem\",\"position\":2,\"name\":\"Cotiz\u00e1 tu repuesto\"}]},{\"@type\":\"WebSite\",\"@id\":\"https:\/\/costantini-sa.com.ar\/en\/#website\",\"url\":\"https:\/\/costantini-sa.com.ar\/en\/\",\"name\":\"Costantini\",\"description\":\"Soluciones todo en uno\",\"publisher\":{\"@id\":\"https:\/\/costantini-sa.com.ar\/en\/#organization\"},\"potentialAction\":[{\"@type\":\"SearchAction\",\"target\":{\"@type\":\"EntryPoint\",\"urlTemplate\":\"https:\/\/costantini-sa.com.ar\/en\/?s={search_term_string}\"},\"query-input\":{\"@type\":\"PropertyValueSpecification\",\"valueRequired\":true,\"valueName\":\"search_term_string\"}}],\"inLanguage\":\"en-US\"},{\"@type\":\"Organization\",\"@id\":\"https:\/\/costantini-sa.com.ar\/en\/#organization\",\"name\":\"Costantini\",\"url\":\"https:\/\/costantini-sa.com.ar\/en\/\",\"logo\":{\"@type\":\"ImageObject\",\"inLanguage\":\"en-US\",\"@id\":\"https:\/\/costantini-sa.com.ar\/en\/#\/schema\/logo\/image\/\",\"url\":\"https:\/\/costantini-sa.com.ar\/wp-content\/uploads\/2022\/04\/logo-white.png\",\"contentUrl\":\"https:\/\/costantini-sa.com.ar\/wp-content\/uploads\/2022\/04\/logo-white.png\",\"width\":904,\"height\":226,\"caption\":\"Costantini\"},\"image\":{\"@id\":\"https:\/\/costantini-sa.com.ar\/en\/#\/schema\/logo\/image\/\"}}]}<\/script>\n<!-- \/ Yoast SEO plugin. -->","yoast_head_json":{"title":"Cotizaci\u00f3n de Repuestos - Costantini | Soluciones Automatizadas","description":"Utiliz\u00e1 el siguiente formulario para pedir la cotizaci\u00f3n de uno o varios repuestos seleccionando el c\u00f3digo correspondiente.","robots":{"index":"index","follow":"follow","max-snippet":"max-snippet:-1","max-image-preview":"max-image-preview:large","max-video-preview":"max-video-preview:-1"},"canonical":"http:\/\/costantini-sa.com.ar\/en\/cotizacion-de-repuestos\/","og_locale":"en_US","og_type":"article","og_title":"Cotizaci\u00f3n de Repuestos - Costantini | Soluciones Automatizadas","og_description":"Utiliz\u00e1 el siguiente formulario para pedir la cotizaci\u00f3n de uno o varios repuestos seleccionando el c\u00f3digo correspondiente.","og_url":"http:\/\/costantini-sa.com.ar\/en\/cotizacion-de-repuestos\/","og_site_name":"Costantini","article_modified_time":"2022-11-12T01:16:08+00:00","twitter_card":"summary_large_image","twitter_misc":{"Est. reading time":"2 minutes"},"schema":{"@context":"https:\/\/schema.org","@graph":[{"@type":"WebPage","@id":"https:\/\/costantini-sa.com.ar\/en\/cotizacion-de-repuestos\/","url":"http:\/\/costantini-sa.com.ar\/cotizacion-de-repuestos\/","name":"Cotizaci\u00f3n de Repuestos - Costantini | Soluciones Automatizadas","isPartOf":{"@id":"https:\/\/costantini-sa.com.ar\/en\/#website"},"datePublished":"2022-06-01T17:02:06+00:00","dateModified":"2022-11-12T01:16:08+00:00","description":"Utiliz\u00e1 el siguiente formulario para pedir la cotizaci\u00f3n de uno o varios repuestos seleccionando el c\u00f3digo correspondiente.","breadcrumb":{"@id":"http:\/\/costantini-sa.com.ar\/cotizacion-de-repuestos\/#breadcrumb"},"inLanguage":"en-US","potentialAction":[{"@type":"ReadAction","target":["http:\/\/costantini-sa.com.ar\/cotizacion-de-repuestos\/"]}]},{"@type":"BreadcrumbList","@id":"http:\/\/costantini-sa.com.ar\/cotizacion-de-repuestos\/#breadcrumb","itemListElement":[{"@type":"ListItem","position":1,"name":"Inicio","item":"https:\/\/costantini-sa.com.ar\/"},{"@type":"ListItem","position":2,"name":"Cotiz\u00e1 tu repuesto"}]},{"@type":"WebSite","@id":"https:\/\/costantini-sa.com.ar\/en\/#website","url":"https:\/\/costantini-sa.com.ar\/en\/","name":"Costantini","description":"Soluciones todo en uno","publisher":{"@id":"https:\/\/costantini-sa.com.ar\/en\/#organization"},"potentialAction":[{"@type":"SearchAction","target":{"@type":"EntryPoint","urlTemplate":"https:\/\/costantini-sa.com.ar\/en\/?s={search_term_string}"},"query-input":{"@type":"PropertyValueSpecification","valueRequired":true,"valueName":"search_term_string"}}],"inLanguage":"en-US"},{"@type":"Organization","@id":"https:\/\/costantini-sa.com.ar\/en\/#organization","name":"Costantini","url":"https:\/\/costantini-sa.com.ar\/en\/","logo":{"@type":"ImageObject","inLanguage":"en-US","@id":"https:\/\/costantini-sa.com.ar\/en\/#\/schema\/logo\/image\/","url":"https:\/\/costantini-sa.com.ar\/wp-content\/uploads\/2022\/04\/logo-white.png","contentUrl":"https:\/\/costantini-sa.com.ar\/wp-content\/uploads\/2022\/04\/logo-white.png","width":904,"height":226,"caption":"Costantini"},"image":{"@id":"https:\/\/costantini-sa.com.ar\/en\/#\/schema\/logo\/image\/"}}]}},"uagb_featured_image_src":{"full":false,"thumbnail":false,"medium":false,"medium_large":false,"large":false,"1536x1536":false,"2048x2048":false,"trp-custom-language-flag":false,"yarpp-thumbnail":false},"uagb_author_info":{"display_name":"adrian","author_link":"https:\/\/costantini-sa.com.ar\/en\/author\/adrian\/"},"uagb_comment_info":0,"uagb_excerpt":"Cotiz\u00e1 tu repuesto Utiliz\u00e1 el formulario para pedir la cotizaci\u00f3n de uno o varios repuestos seleccionando el c\u00f3digo correspondiente. Nombre de la empresa * E-mail de contacto * Seleccione de 1 a 10 repuestos de la siguiente lista: Encajonado Autom\u00e1tica de Barras de Golosinas con 2 robotAplicaci\u00f3n L\u00e1ser Cladding_HardeningCelda Robotizado de Cortes de Perfiles-3DPaletizado de&hellip;","_links":{"self":[{"href":"https:\/\/costantini-sa.com.ar\/en\/wp-json\/wp\/v2\/pages\/620","targetHints":{"allow":["GET"]}}],"collection":[{"href":"https:\/\/costantini-sa.com.ar\/en\/wp-json\/wp\/v2\/pages"}],"about":[{"href":"https:\/\/costantini-sa.com.ar\/en\/wp-json\/wp\/v2\/types\/page"}],"author":[{"embeddable":true,"href":"https:\/\/costantini-sa.com.ar\/en\/wp-json\/wp\/v2\/users\/1"}],"replies":[{"embeddable":true,"href":"https:\/\/costantini-sa.com.ar\/en\/wp-json\/wp\/v2\/comments?post=620"}],"version-history":[{"count":0,"href":"https:\/\/costantini-sa.com.ar\/en\/wp-json\/wp\/v2\/pages\/620\/revisions"}],"wp:attachment":[{"href":"https:\/\/costantini-sa.com.ar\/en\/wp-json\/wp\/v2\/media?parent=620"}],"curies":[{"name":"wp","href":"https:\/\/api.w.org\/{rel}","templated":true}]}}